{"id":23,"date":"2024-10-23T16:46:49","date_gmt":"2024-10-23T14:46:49","guid":{"rendered":"https:\/\/pro-mont.cz\/?page_id=23"},"modified":"2024-10-23T16:49:36","modified_gmt":"2024-10-23T14:49:36","slug":"refence","status":"publish","type":"page","link":"https:\/\/pro-mont.cz\/?page_id=23","title":{"rendered":"Refence"},"content":{"rendered":"\n<p><\/p>\n\n\n\n<div class=\"wp-block-group alignfull constructobuild-section-ff727120-f9f4-11ed-8868-91c866c656bb has-background-secondary-background-color has-background is-layout-constrained wp-container-core-group-is-layout-4600d58e wp-block-group-is-layout-constrained\" style=\"padding-top:var(--wp--preset--spacing--50);padding-right:var(--wp--preset--spacing--40);padding-bottom:0;padding-left:var(--wp--preset--spacing--40)\">\n<div class=\"wp-block-columns alignwide are-vertically-aligned-center constructobuild-section-cf44bf70-dcf9-11ed-b405-5314f98b79fc is-layout-flex wp-container-core-columns-is-layout-87beb0d0 wp-block-columns-is-layout-flex\">\n<div class=\"wp-block-column is-vertically-aligned-center constructobuild-section-cf424e70-dcf9-11ed-b405-5314f98b79fc is-layout-flow wp-block-column-is-layout-flow\">\n<div class=\"wp-block-group constructobuild-section-cf41b230-dcf9-11ed-b405-5314f98b79fc is-layout-flow wp-container-core-group-is-layout-fe0e2ea3 wp-block-group-is-layout-flow\">\n<div class=\"wp-block-group constructobuild-section-9bfa8420-37a2-11ee-b7f8-8f7d8708bd7c is-horizontal is-nowrap is-layout-flex wp-container-core-group-is-layout-d77014c3 wp-block-group-is-layout-flex\" style=\"border-style:none;border-width:0px;margin-top:0;margin-bottom:0;padding-bottom:0\">\n<hr class=\"wp-block-separator has-text-color has-primary-color has-alpha-channel-opacity has-primary-background-color has-background is-style-default wp-container-content-d613cd94\"\/>\n\n\n\n<div class=\"wp-block-group animated animated-fadeInUp constructobuild-section-9bf3f470-37a2-11ee-b7f8-8f7d8708bd7c is-layout-constrained wp-container-core-group-is-layout-b222482d wp-block-group-is-layout-constrained\" style=\"border-radius:0px;border-top-style:none;border-top-width:0px;border-right-style:none;border-right-width:0px;border-bottom-color:var(--wp--preset--color--foreground);border-bottom-style:none;border-bottom-width:0px;border-left-style:none;border-left-width:0px;margin-bottom:0;padding-top:0;padding-right:0;padding-bottom:0;padding-left:0\">\n<p class=\"has-text-align-left animated animated-fadeInUp constructobuild-section-9bf10e40-37a2-11ee-b7f8-8f7d8708bd7c has-foreground-color has-text-color\" style=\"margin-top:0;margin-bottom:0;font-size:15px;letter-spacing:0px\"><strong>Vybran\u00e9 projekty<\/strong><\/p>\n<\/div>\n<\/div>\n\n\n\n<h2 class=\"wp-block-heading has-text-align-left animated animated-fadeInUp constructobuild-section-cf413d00-dcf9-11ed-b405-5314f98b79fc has-slider-title-font-size\" style=\"margin-bottom:0px;line-height:1.7;text-transform:capitalize\">N\u00e1s v\u00fdb\u011br<\/h2>\n<\/div>\n<\/div>\n\n\n\n<div class=\"wp-block-column is-vertically-aligned-center constructobuild-section-cf442330-dcf9-11ed-b405-5314f98b79fc is-layout-flow wp-block-column-is-layout-flow\" style=\"flex-basis:30%\">\n<div class=\"wp-block-buttons animated animated-fadeInUp constructobuild-section-ff552520-f9f4-11ed-8868-91c866c656bb is-content-justification-right is-layout-flex wp-container-core-buttons-is-layout-fc2b73da wp-block-buttons-is-layout-flex\" style=\"margin-top:0px;margin-bottom:0px\">\n<div class=\"wp-block-button is-style-outline constructobuild-section-ff5461d0-f9f4-11ed-8868-91c866c656bb is-style-outline--1\"><a class=\"wp-block-button__link wp-element-button\" href=\"#\">Zobrazit v\u00edce<\/a><\/div>\n<\/div>\n<\/div>\n<\/div>\n\n\n\n<div class=\"wp-block-columns alignwide constructobuild-section-ff71add0-f9f4-11ed-8868-91c866c656bb is-layout-flex wp-container-core-columns-is-layout-87beb0d0 wp-block-columns-is-layout-flex\">\n<div class=\"wp-block-column constructobuild-section-ff5b66b0-f9f4-11ed-8868-91c866c656bb has-background is-layout-flow wp-block-column-is-layout-flow\" style=\"background-color:#ffb25900;padding-top:0;padding-right:0;padding-bottom:0;padding-left:0\">\n<div class=\"wp-block-group animated animated-fadeInUp constructobuild-section-ff5a7c50-f9f4-11ed-8868-91c866c656bb is-layout-constrained wp-container-core-group-is-layout-254f1302 wp-block-group-is-layout-constrained\" style=\"padding-top:0;padding-right:0;padding-bottom:0;padding-left:0\">\n<div class=\"wp-block-cover has-custom-content-position is-position-bottom-center image-zoom-hover constructobuild-section-ff5991f0-f9f4-11ed-8868-91c866c656bb\" style=\"border-style:none;border-width:0px;border-radius:10px;padding-top:var(--wp--preset--spacing--30);padding-right:var(--wp--preset--spacing--30);padding-bottom:var(--wp--preset--spacing--30);padding-left:var(--wp--preset--spacing--30);min-height:400px;aspect-ratio:unset;\"><span aria-hidden=\"true\" class=\"wp-block-cover__background has-background-dim-80 has-background-dim wp-block-cover__gradient-background has-background-gradient\" style=\"background:linear-gradient(355deg,rgb(0,0,0) 17%,rgba(0,0,0,0) 100%)\"><\/span><img decoding=\"async\" class=\"wp-block-cover__image-background wp-image-2370\" alt=\"\" src=\"https:\/\/pro-mont.cz\/wp-content\/themes\/constructo-build\/images\/portfolio-1.jpg\" data-object-fit=\"cover\"\/><div class=\"wp-block-cover__inner-container is-layout-flow wp-block-cover-is-layout-flow\">\n<div class=\"wp-block-group constructobuild-section-ff576f10-f9f4-11ed-8868-91c866c656bb is-layout-flow wp-container-core-group-is-layout-fe0e2ea3 wp-block-group-is-layout-flow\">\n<p class=\"has-primary-color has-text-color has-link-color wp-elements-823da04d0d121e699061bc087a984307\" style=\"font-style:normal;font-weight:600\"><em>Lias Vint\u00ed\u0159ov, LSM k.s. <\/em><\/p>\n\n\n\n<h3 class=\"wp-block-heading has-text-align-left constructobuild-section-ff56abc0-f9f4-11ed-8868-91c866c656bb has-white-color has-text-color has-link-color wp-elements-096528433105c7957f847f87bae48d2a\" style=\"font-size:1.5rem;font-style:normal;font-weight:600;text-transform:capitalize\"><a href=\"#\">Rota\u010dn\u00ed pec <\/a><\/h3>\n<\/div>\n<\/div><\/div>\n<\/div>\n<\/div>\n\n\n\n<div class=\"wp-block-column constructobuild-section-ff6096d0-f9f4-11ed-8868-91c866c656bb has-background is-layout-flow wp-block-column-is-layout-flow\" style=\"background-color:#ffb25900;padding-top:0;padding-right:0;padding-bottom:0;padding-left:0\">\n<div class=\"wp-block-group animated animated-fadeInUp constructobuild-section-ff5fd380-f9f4-11ed-8868-91c866c656bb is-layout-constrained wp-container-core-group-is-layout-254f1302 wp-block-group-is-layout-constrained\" style=\"padding-top:0;padding-right:0;padding-bottom:0;padding-left:0\">\n<div class=\"wp-block-cover has-custom-content-position is-position-bottom-center image-zoom-hover constructobuild-section-ff5f1030-f9f4-11ed-8868-91c866c656bb\" style=\"border-radius:10px;padding-top:var(--wp--preset--spacing--30);padding-right:var(--wp--preset--spacing--30);padding-bottom:var(--wp--preset--spacing--30);padding-left:var(--wp--preset--spacing--30);min-height:400px;aspect-ratio:unset;\"><span aria-hidden=\"true\" class=\"wp-block-cover__background has-background-dim-80 has-background-dim wp-block-cover__gradient-background has-background-gradient\" style=\"background:linear-gradient(0deg,rgb(0,0,0) 18%,rgba(0,0,0,0) 100%)\"><\/span><img decoding=\"async\" class=\"wp-block-cover__image-background wp-image-2357\" alt=\"\" src=\"https:\/\/pro-mont.cz\/wp-content\/themes\/constructo-build\/images\/portfolio-2.jpg\" data-object-fit=\"cover\"\/><div class=\"wp-block-cover__inner-container is-layout-flow wp-block-cover-is-layout-flow\">\n<div class=\"wp-block-group constructobuild-section-ff5d1460-f9f4-11ed-8868-91c866c656bb is-layout-flow wp-container-core-group-is-layout-fe0e2ea3 wp-block-group-is-layout-flow\">\n<p class=\"has-primary-color has-text-color has-link-color wp-elements-f5f4b92546a35b6508bb90e109831274\" style=\"font-style:normal;font-weight:600\"><em> \u010cesk\u00e9 lupkov\u00e9 z\u00e1vody, a.s.<\/em><\/p>\n\n\n\n<h3 class=\"wp-block-heading has-text-align-left constructobuild-section-ff5c2a00-f9f4-11ed-8868-91c866c656bb has-white-color has-text-color has-link-color wp-elements-4abe23fce16a165ad6c4e264db41ac13\" style=\"font-size:1.5rem;font-style:normal;font-weight:600;text-transform:capitalize\"><a href=\"#\">Rota\u010dn\u00ed pec <\/a><\/h3>\n<\/div>\n<\/div><\/div>\n<\/div>\n<\/div>\n\n\n\n<div class=\"wp-block-column constructobuild-section-ff661510-f9f4-11ed-8868-91c866c656bb has-background is-layout-flow wp-block-column-is-layout-flow\" style=\"background-color:#ffb25900;padding-top:0;padding-right:0;padding-bottom:0;padding-left:0\">\n<div class=\"wp-block-group animated animated-fadeInUp constructobuild-section-ff6551c0-f9f4-11ed-8868-91c866c656bb is-layout-constrained wp-container-core-group-is-layout-254f1302 wp-block-group-is-layout-constrained\" style=\"padding-top:0;padding-right:0;padding-bottom:0;padding-left:0\">\n<div class=\"wp-block-cover has-custom-content-position is-position-bottom-center image-zoom-hover constructobuild-section-ff646760-f9f4-11ed-8868-91c866c656bb\" style=\"border-style:none;border-width:0px;border-radius:10px;padding-top:var(--wp--preset--spacing--30);padding-right:var(--wp--preset--spacing--30);padding-bottom:var(--wp--preset--spacing--30);padding-left:var(--wp--preset--spacing--30);min-height:400px;aspect-ratio:unset;\"><span aria-hidden=\"true\" class=\"wp-block-cover__background has-background-dim-80 has-background-dim wp-block-cover__gradient-background has-background-gradient\" style=\"background:linear-gradient(0deg,rgb(0,0,0) 7%,rgba(0,0,0,0) 100%)\"><\/span><img decoding=\"async\" class=\"wp-block-cover__image-background wp-image-2358\" alt=\"\" src=\"https:\/\/pro-mont.cz\/wp-content\/themes\/constructo-build\/images\/portfolio-3.jpg\" data-object-fit=\"cover\"\/><div class=\"wp-block-cover__inner-container is-layout-flow wp-block-cover-is-layout-flow\">\n<div class=\"wp-block-group constructobuild-section-ff624480-f9f4-11ed-8868-91c866c656bb is-layout-flow wp-container-core-group-is-layout-fe0e2ea3 wp-block-group-is-layout-flow\">\n<p class=\"has-primary-color has-text-color has-link-color wp-elements-547b9e2fb6e17ebc93fa8efc14096894\" style=\"font-style:normal;font-weight:600\"><em>Mondi \u0160t\u011bt\u00ed a.s.  <\/em><\/p>\n\n\n\n<h3 class=\"wp-block-heading has-text-align-left constructobuild-section-ff618130-f9f4-11ed-8868-91c866c656bb has-white-color has-text-color has-link-color wp-elements-899c8ef4f283d8e1311172f465028dbd\" style=\"font-size:1.5rem;font-style:normal;font-weight:600;text-transform:capitalize\"><a href=\"#\">Rota\u010dn\u00ed pec<\/a>, <a href=\"#\">Komplexn\u00ed \u00fadr\u017eba provozu<\/a><\/h3>\n<\/div>\n<\/div><\/div>\n<\/div>\n<\/div>\n<\/div>\n\n\n\n<div class=\"wp-block-columns alignwide constructobuild-section-ff71add0-f9f4-11ed-8868-91c866c656bb is-layout-flex wp-container-core-columns-is-layout-87beb0d0 wp-block-columns-is-layout-flex\">\n<div class=\"wp-block-column constructobuild-section-ff6096d0-f9f4-11ed-8868-91c866c656bb has-background is-layout-flow wp-block-column-is-layout-flow\" style=\"background-color:#ffb25900;padding-top:0;padding-right:0;padding-bottom:0;padding-left:0\">\n<div class=\"wp-block-group animated animated-fadeInUp constructobuild-section-ff5fd380-f9f4-11ed-8868-91c866c656bb is-layout-constrained wp-container-core-group-is-layout-254f1302 wp-block-group-is-layout-constrained\" style=\"padding-top:0;padding-right:0;padding-bottom:0;padding-left:0\">\n<div class=\"wp-block-cover has-custom-content-position is-position-bottom-center image-zoom-hover constructobuild-section-ff5f1030-f9f4-11ed-8868-91c866c656bb\" style=\"border-radius:10px;padding-top:var(--wp--preset--spacing--30);padding-right:var(--wp--preset--spacing--30);padding-bottom:var(--wp--preset--spacing--30);padding-left:var(--wp--preset--spacing--30);min-height:400px;aspect-ratio:unset;\"><span aria-hidden=\"true\" class=\"wp-block-cover__background has-background-dim-80 has-background-dim wp-block-cover__gradient-background has-background-gradient\" style=\"background:linear-gradient(0deg,rgb(5,5,5) 0%,rgba(10,10,10,0.01) 100%)\"><\/span><img decoding=\"async\" class=\"wp-block-cover__image-background wp-image-2357\" alt=\"\" src=\"https:\/\/pro-mont.cz\/wp-content\/themes\/constructo-build\/images\/portfolio-2.jpg\" data-object-fit=\"cover\"\/><div class=\"wp-block-cover__inner-container is-layout-flow wp-block-cover-is-layout-flow\">\n<div class=\"wp-block-group constructobuild-section-ff5d1460-f9f4-11ed-8868-91c866c656bb is-layout-flow wp-container-core-group-is-layout-fe0e2ea3 wp-block-group-is-layout-flow\">\n<p class=\"has-primary-color has-text-color has-link-color wp-elements-9b9099a14a82069b5fb99acaf5dae12f\" style=\"font-style:normal;font-weight:600\"><em> PREOL a.s.  <\/em><\/p>\n\n\n\n<h3 class=\"wp-block-heading has-text-align-left constructobuild-section-ff5c2a00-f9f4-11ed-8868-91c866c656bb has-white-color has-text-color has-link-color wp-elements-fd0216bed29ecaf9e28b03f5e8aa4e82\" style=\"font-size:1.5rem;font-style:normal;font-weight:600;text-transform:capitalize\"><a href=\"#\">Komplexn\u00ed \u00fadr\u017eba provozu<\/a>, rota\u010dn\u00ed buben (kondicion\u00e9r)<\/h3>\n<\/div>\n<\/div><\/div>\n<\/div>\n<\/div>\n\n\n\n<div class=\"wp-block-column constructobuild-section-ff6b4530-f9f4-11ed-8868-91c866c656bb has-background is-layout-flow wp-block-column-is-layout-flow\" style=\"background-color:#ffb25900;padding-top:0;padding-right:0;padding-bottom:0;padding-left:0\">\n<div class=\"wp-block-group animated animated-fadeInUp constructobuild-section-ff6a81e0-f9f4-11ed-8868-91c866c656bb is-layout-constrained wp-container-core-group-is-layout-254f1302 wp-block-group-is-layout-constrained\" style=\"padding-top:0;padding-right:0;padding-bottom:0;padding-left:0\">\n<div class=\"wp-block-cover has-custom-content-position is-position-bottom-center image-zoom-hover constructobuild-section-ff69be90-f9f4-11ed-8868-91c866c656bb\" style=\"border-radius:10px;padding-top:var(--wp--preset--spacing--30);padding-right:var(--wp--preset--spacing--30);padding-bottom:var(--wp--preset--spacing--30);padding-left:var(--wp--preset--spacing--30);min-height:400px;aspect-ratio:unset;\"><span aria-hidden=\"true\" class=\"wp-block-cover__background has-background-dim-80 has-background-dim wp-block-cover__gradient-background has-background-gradient\" style=\"background:linear-gradient(0deg,rgb(2,2,2) 0%,rgba(2,2,2,0.03) 100%)\"><\/span><img decoding=\"async\" class=\"wp-block-cover__image-background wp-image-2359\" alt=\"\" src=\"https:\/\/pro-mont.cz\/wp-content\/themes\/constructo-build\/images\/portfolio-4.jpg\" data-object-fit=\"cover\"\/><div class=\"wp-block-cover__inner-container is-layout-flow wp-block-cover-is-layout-flow\">\n<div class=\"wp-block-group constructobuild-section-ff67c2c0-f9f4-11ed-8868-91c866c656bb is-layout-flow wp-container-core-group-is-layout-fe0e2ea3 wp-block-group-is-layout-flow\">\n<p class=\"has-primary-color has-text-color has-link-color wp-elements-44d8caad25b1e8b7b1498daeabf4aaa9\" style=\"font-style:normal;font-weight:600\"><em> Syner s.r.o. <\/em><\/p>\n\n\n\n<h3 class=\"wp-block-heading has-text-align-left constructobuild-section-ff66d860-f9f4-11ed-8868-91c866c656bb has-white-color has-text-color has-link-color wp-elements-e5cd5c6a9370ccfa1099b808bd14974c\" style=\"font-size:1.5rem;font-style:normal;font-weight:600;text-transform:capitalize\"><a href=\"#\">V\u00fdroba dod\u00e1vka a mont\u00e1\u017e z\u00e1me\u010dnick\u00fdch kovov\u00fdch konstrukc\u00ed<\/a><\/h3>\n<\/div>\n<\/div><\/div>\n<\/div>\n<\/div>\n\n\n\n<div class=\"wp-block-column constructobuild-section-ff70ea80-f9f4-11ed-8868-91c866c656bb has-background is-layout-flow wp-block-column-is-layout-flow\" style=\"background-color:#ffb25900;padding-top:0;padding-right:0;padding-bottom:0;padding-left:0\">\n<div class=\"wp-block-group animated animated-fadeInUp constructobuild-section-ff700020-f9f4-11ed-8868-91c866c656bb is-layout-constrained wp-container-core-group-is-layout-254f1302 wp-block-group-is-layout-constrained\" style=\"padding-top:0;padding-right:0;padding-bottom:0;padding-left:0\">\n<div class=\"wp-block-cover has-custom-content-position is-position-bottom-center image-zoom-hover constructobuild-section-ff6f15c0-f9f4-11ed-8868-91c866c656bb\" style=\"border-radius:10px;padding-top:var(--wp--preset--spacing--30);padding-right:var(--wp--preset--spacing--30);padding-bottom:var(--wp--preset--spacing--30);padding-left:var(--wp--preset--spacing--30);min-height:400px;aspect-ratio:unset;\"><span aria-hidden=\"true\" class=\"wp-block-cover__background has-background-dim-90 has-background-dim wp-block-cover__gradient-background has-background-gradient\" style=\"background:linear-gradient(0deg,rgba(0,0,0,0.99) 0%,rgba(5,5,5,0.01) 100%)\"><\/span><img decoding=\"async\" class=\"wp-block-cover__image-background wp-image-2361\" alt=\"\" src=\"https:\/\/pro-mont.cz\/wp-content\/themes\/constructo-build\/images\/portfolio-5.jpg\" data-object-fit=\"cover\"\/><div class=\"wp-block-cover__inner-container is-layout-flow wp-block-cover-is-layout-flow\">\n<div class=\"wp-block-group constructobuild-section-ff6cf2e0-f9f4-11ed-8868-91c866c656bb is-layout-flow wp-container-core-group-is-layout-fe0e2ea3 wp-block-group-is-layout-flow\">\n<p class=\"has-primary-color has-text-color has-link-color wp-elements-0060f85eefe2b2c7f7c7784efefe06c8\" style=\"font-style:normal;font-weight:600\"><em> Berger Bohemia<\/em> a.s.<\/p>\n\n\n\n<h3 class=\"wp-block-heading has-text-align-left constructobuild-section-ff6c2f90-f9f4-11ed-8868-91c866c656bb has-white-color has-text-color has-link-color wp-elements-9d33f9808299d668ae79738f8f4046e2\" style=\"font-size:1.5rem;font-style:normal;font-weight:600;text-transform:capitalize\"><a href=\"#\">V\u00fdroba dod\u00e1vka a mont\u00e1\u017e z\u00e1me\u010dnick\u00fdch kovov\u00fdch konstrukc\u00ed<\/a><\/h3>\n<\/div>\n<\/div><\/div>\n<\/div>\n<\/div>\n<\/div>\n<\/div>\n","protected":false},"excerpt":{"rendered":"<p>Vybran\u00e9 projekty N\u00e1s v\u00fdb\u011br<\/p>\n","protected":false},"author":1,"featured_media":0,"parent":0,"menu_order":0,"comment_status":"closed","ping_status":"closed","template":"","meta":{"footnotes":""},"class_list":["post-23","page","type-page","status-publish","hentry"],"_links":{"self":[{"href":"https:\/\/pro-mont.cz\/index.php?rest_route=\/wp\/v2\/pages\/23","targetHints":{"allow":["GET"]}}],"collection":[{"href":"https:\/\/pro-mont.cz\/index.php?rest_route=\/wp\/v2\/pages"}],"about":[{"href":"https:\/\/pro-mont.cz\/index.php?rest_route=\/wp\/v2\/types\/page"}],"author":[{"embeddable":true,"href":"https:\/\/pro-mont.cz\/index.php?rest_route=\/wp\/v2\/users\/1"}],"replies":[{"embeddable":true,"href":"https:\/\/pro-mont.cz\/index.php?rest_route=%2Fwp%2Fv2%2Fcomments&post=23"}],"version-history":[{"count":3,"href":"https:\/\/pro-mont.cz\/index.php?rest_route=\/wp\/v2\/pages\/23\/revisions"}],"predecessor-version":[{"id":31,"href":"https:\/\/pro-mont.cz\/index.php?rest_route=\/wp\/v2\/pages\/23\/revisions\/31"}],"wp:attachment":[{"href":"https:\/\/pro-mont.cz\/index.php?rest_route=%2Fwp%2Fv2%2Fmedia&parent=23"}],"curies":[{"name":"wp","href":"https:\/\/api.w.org\/{rel}","templated":true}]}}