{"id":19,"date":"2024-10-23T16:22:11","date_gmt":"2024-10-23T14:22:11","guid":{"rendered":"https:\/\/pro-mont.cz\/?page_id=19"},"modified":"2024-10-23T16:22:11","modified_gmt":"2024-10-23T14:22:11","slug":"o-spolecnosti","status":"publish","type":"page","link":"https:\/\/pro-mont.cz\/?page_id=19","title":{"rendered":"O spole\u010dnosti"},"content":{"rendered":"\n<p>Z\u00e1me\u010dnictv\u00ed PRO-MONT se specializuje na v\u00fdrobu z\u00e1me\u010dnick\u00fdch produkt\u016f a mont\u00e1\u017en\u00ed pr\u00e1ce v\u010detn\u011b realizace zak\u00e1zek na kl\u00ed\u010d. Nab\u00edz\u00edme komplexn\u00ed slu\u017eby od tvorby v\u00fdkresov\u00e9 dokumentace a\u017e po precizn\u00ed v\u00fdrobu a n\u00e1slednou mont\u00e1\u017e. Na\u0161e zku\u0161enosti zahrnuj\u00ed \u0161irokou \u0161k\u00e1lu sv\u00e1\u0159e\u010dsk\u00fdch technik, jako je TIG, MIG, AC-DC i plazmov\u00e9 sva\u0159ov\u00e1n\u00ed, kter\u00e9 zaji\u0161\u0165uj\u00ed vysokou kvalitu a spolehlivost v\u00fdrobk\u016f. Na\u0161\u00ed p\u0159ednost\u00ed je servis v oblastech jako jsou m\u011b\u0159en\u00ed a ustavov\u00e1n\u00ed rota\u010dn\u00edch bubn\u016f, oprav za\u0159\u00edzen\u00ed a \u0159e\u0161en\u00ed provozn\u00edch probl\u00e9m\u016f. Profesion\u00e1ln\u00ed p\u0159\u00edstup a d\u016fraz na detail jsou z\u00e1kladem ka\u017ed\u00e9 na\u0161\u00ed realizace.<\/p>\n","protected":false},"excerpt":{"rendered":"<p>Z\u00e1me\u010dnictv\u00ed PRO-MONT se specializuje na v\u00fdrobu z\u00e1me\u010dnick\u00fdch produkt\u016f a mont\u00e1\u017en\u00ed pr\u00e1ce v\u010detn\u011b realizace zak\u00e1zek na [&hellip;]<\/p>\n","protected":false},"author":1,"featured_media":0,"parent":0,"menu_order":0,"comment_status":"closed","ping_status":"closed","template":"","meta":{"footnotes":""},"class_list":["post-19","page","type-page","status-publish","hentry"],"_links":{"self":[{"href":"https:\/\/pro-mont.cz\/index.php?rest_route=\/wp\/v2\/pages\/19","targetHints":{"allow":["GET"]}}],"collection":[{"href":"https:\/\/pro-mont.cz\/index.php?rest_route=\/wp\/v2\/pages"}],"about":[{"href":"https:\/\/pro-mont.cz\/index.php?rest_route=\/wp\/v2\/types\/page"}],"author":[{"embeddable":true,"href":"https:\/\/pro-mont.cz\/index.php?rest_route=\/wp\/v2\/users\/1"}],"replies":[{"embeddable":true,"href":"https:\/\/pro-mont.cz\/index.php?rest_route=%2Fwp%2Fv2%2Fcomments&post=19"}],"version-history":[{"count":1,"href":"https:\/\/pro-mont.cz\/index.php?rest_route=\/wp\/v2\/pages\/19\/revisions"}],"predecessor-version":[{"id":20,"href":"https:\/\/pro-mont.cz\/index.php?rest_route=\/wp\/v2\/pages\/19\/revisions\/20"}],"wp:attachment":[{"href":"https:\/\/pro-mont.cz\/index.php?rest_route=%2Fwp%2Fv2%2Fmedia&parent=19"}],"curies":[{"name":"wp","href":"https:\/\/api.w.org\/{rel}","templated":true}]}}